{"id":658,"date":"2020-03-02T08:59:57","date_gmt":"2020-03-02T07:59:57","guid":{"rendered":"http:\/\/www.lecapannelle.com\/cosa-fare-a-sorrento-e-in-costiera\/"},"modified":"2023-12-16T18:29:20","modified_gmt":"2023-12-16T17:29:20","slug":"cosa-fare-sorrento-costiera","status":"publish","type":"page","link":"https:\/\/www.lecapannelle.com\/it\/cosa-fare-sorrento-costiera\/","title":{"rendered":"Cosa fare a Sorrento e in Costiera"},"content":{"rendered":"<p>[et_pb_section fb_built=&#8221;1&#8243; _builder_version=&#8221;4.16&#8243; bottom_divider_style=&#8221;wave2&#8243; bottom_divider_color=&#8221;#2ea3f2&#8243; bottom_divider_flip=&#8221;horizontal&#8221; box_shadow_style=&#8221;preset6&#8243; global_colors_info=&#8221;{}&#8221;][et_pb_row column_structure=&#8221;1_2,1_2&#8243; use_custom_gutter=&#8221;on&#8221; gutter_width=&#8221;1&#8243; module_class=&#8221;two-columns&#8221; _builder_version=&#8221;4.16&#8243; width=&#8221;50%&#8221; custom_padding=&#8221;5%||0%||false|false&#8221; global_colors_info=&#8221;{}&#8221;][et_pb_column type=&#8221;1_2&#8243; _builder_version=&#8221;4.16&#8243; global_colors_info=&#8221;{}&#8221;][et_pb_blurb use_icon=&#8221;on&#8221; font_icon=&#8221;&#xe082;||divi||400&#8243; icon_color=&#8221;#ef8147&#8243; icon_alignment=&#8221;right&#8221; icon_alignment_tablet=&#8221;center&#8221; icon_alignment_phone=&#8221;center&#8221; icon_alignment_last_edited=&#8221;on|desktop&#8221; _builder_version=&#8221;4.16&#8243; transform_scale_tablet=&#8221;&#8221; transform_scale_phone=&#8221;&#8221; transform_scale_last_edited=&#8221;on|desktop&#8221; transform_translate_tablet=&#8221;&#8221; transform_translate_phone=&#8221;&#8221; transform_translate_last_edited=&#8221;on|desktop&#8221; transform_rotate=&#8221;0deg|0deg|344deg&#8221; transform_rotate_tablet=&#8221;&#8221; transform_rotate_phone=&#8221;&#8221; transform_rotate_last_edited=&#8221;on|tablet&#8221; transform_skew_tablet=&#8221;&#8221; transform_skew_phone=&#8221;&#8221; transform_skew_last_edited=&#8221;on|desktop&#8221; transform_origin_tablet=&#8221;&#8221; transform_origin_phone=&#8221;&#8221; transform_origin_last_edited=&#8221;on|desktop&#8221; transform_styles_last_edited=&#8221;on|tablet&#8221; transform_styles_tablet=&#8221;&#8221; transform_styles_phone=&#8221;&#8221; global_colors_info=&#8221;{}&#8221;][\/et_pb_blurb][\/et_pb_column][et_pb_column type=&#8221;1_2&#8243; _builder_version=&#8221;4.16&#8243; global_colors_info=&#8221;{}&#8221;][et_pb_text _builder_version=&#8221;4.16&#8243; header_text_align=&#8221;left&#8221; custom_margin=&#8221;10%||||false|false&#8221; custom_margin_tablet=&#8221;0%|||-10%|false|false&#8221; custom_margin_phone=&#8221;|||0%|false|false&#8221; custom_margin_last_edited=&#8221;on|phone&#8221; custom_padding=&#8221;0%||||false|false&#8221; custom_padding_tablet=&#8221;10%||||false|false&#8221; custom_padding_phone=&#8221;0%||||false|false&#8221; custom_padding_last_edited=&#8221;on|phone&#8221; header_text_align_tablet=&#8221;left&#8221; header_text_align_phone=&#8221;&#8221; header_text_align_last_edited=&#8221;on|phone&#8221; global_colors_info=&#8221;{}&#8221;]<\/p>\n<h1>Luoghi da visitare<\/h1>\n<p>[\/et_pb_text][\/et_pb_column][\/et_pb_row][et_pb_row _builder_version=&#8221;4.16&#8243; global_colors_info=&#8221;{}&#8221;][et_pb_column type=&#8221;4_4&#8243; _builder_version=&#8221;4.16&#8243; global_colors_info=&#8221;{}&#8221;][et_pb_text _builder_version=&#8221;4.16&#8243; global_colors_info=&#8221;{}&#8221;]<\/p>\n<p>Da &#8220;Le Capannelle&#8221; \u00e8 facile raggiungere il limpido mare di Massa Lubrense (da anni vincitore della Bandiera Blu) per nuotate meravigliose e le esclusive calette prospicienti Sorrento &#8211; i Bagni della Regina Giovanna, Cala di Puolo&#8230;<\/p>\n<p>Agli amanti del trekking si offre la possibilit\u00e0 di lunghe passeggiate, tra gli agrumeti e gli uliveti della nostra bella terra, attraverso numerosi e non difficili sentieri e con la compagnia di panorami mozzafiato. Il pi\u00f9 famoso tra questi \u00e8 senza dubbio il \u201cSentiero degli Dei\u201d, lungo i paesaggi tra Amalfi e Positano.<\/p>\n<p>Un vero spettacolo \u00e8 riservato dal mare a chi pratica il sub. Con muta e pinne, si possono esplorare meravigliosi fondali e tante grotte naturali. Lungo pochi chilometri, tra Positano, Marina del Cantone, Massa Lubrense e Sorrento, si potr\u00e0 partecipare ad una delle varie visite subacquee, guidate da personale esperto.<\/p>\n<p>Chi ama le gite in barca avr\u00e0 solo da scegliere, tra la tante occasioni, collettive o individuali, proposte al turista per ammirare le coste dal mare e per lasciarsi accarezzare dalla brezza marina.<\/p>\n<p>Soggiornando a &#8220;Le Capannelle&#8221;, potrete coniugare il relax offerto da una localit\u00e0 tranquilla tra cielo e mare, con la vivacit\u00e0 delle zone turistiche circostanti e la bellezza di citt\u00e0 d\u2019arte tra le pi\u00f9 famose al mondo.<br \/> Iniziando dai luoghi pi\u00f9 vicini, non si potr\u00e0 dimenticare lo scenario che si offre agli occhi del visitatore dal piccolo fiordo naturale di Crapolla. La storia narra che qui, in secoli remoti, sia sorta un\u2019abbazia dedicata a San Pietro, di cui resta oggi una piccola cappella votiva. Poco distanti, i resti dell\u2019architettura romana: i ruderi di un\u2019antica cisterna per la raccolta delle acque piovane.<\/p>\n<p>Spostandosi in auto o utilizzando l\u2019efficiente trasporto pubblico, si giunge in pochi minuti alle mete pi\u00f9 blasonate della Penisola Sorrentina e della Costiera Amalfitana: Amalfi e Ravello, Sorrento e Positano, per godere l\u2019arte o vivere l\u2019intensa notte della costa.<\/p>\n<p>Non resta, infine, che rinviare alle tante guide turistiche, ricordando le testimonianze storico-artistiche di citt\u00e0 come Napoli, Pompei, Ercolano, Caserta, un\u2019obbligatoria escursione al Vesuvio, mete romantiche come le isole del Golfo: Capri o Ischia.<\/p>\n<p>Per gli amanti del turismo eno-gastronomico, Sant&#8217;Agata Sui Due Golfi offre una vasta opportunit\u00e0 di scelta, dai ristoranti tra i pi\u00f9 raffinati d&#8217;Italiaalle trattorie alle locande romantiche ed economiche, incentrata su di una cucina semplice, gustosa, tradizionale.<\/p>\n<p>[\/et_pb_text][\/et_pb_column][\/et_pb_row][\/et_pb_section][et_pb_section fb_built=&#8221;1&#8243; _builder_version=&#8221;4.16&#8243; background_color=&#8221;#2ea3f2&#8243; custom_padding=&#8221;0px|||||&#8221; top_divider_color=&#8221;#2ea3f2&#8243; bottom_divider_style=&#8221;wave2&#8243; bottom_divider_color=&#8221;#ffffff&#8221; bottom_divider_flip=&#8221;horizontal|vertical&#8221; global_colors_info=&#8221;{}&#8221;][et_pb_row _builder_version=&#8221;4.16&#8243; global_colors_info=&#8221;{}&#8221;][et_pb_column type=&#8221;4_4&#8243; _builder_version=&#8221;4.16&#8243; global_colors_info=&#8221;{}&#8221;][et_pb_text module_id=&#8221;experiences-holiday-apartments-massa-lubrense&#8221; _builder_version=&#8221;4.16&#8243; header_2_text_color=&#8221;#ffffff&#8221; animation_style=&#8221;slide&#8221; animation_direction=&#8221;left&#8221; global_colors_info=&#8221;{}&#8221;]<\/p>\n<h2>Esperienze<\/h2>\n<p>[\/et_pb_text][et_pb_text module_id=&#8221;sea-experiences-holiday-apartments-massa-lubrense&#8221; _builder_version=&#8221;4.16&#8243; width=&#8221;90%&#8221; module_alignment=&#8221;center&#8221; animation_style=&#8221;slide&#8221; animation_direction=&#8221;left&#8221; animation_delay=&#8221;100ms&#8221; global_colors_info=&#8221;{}&#8221;]<\/p>\n<h2>MARE<\/h2>\n<p>[\/et_pb_text][\/et_pb_column][\/et_pb_row][et_pb_row column_structure=&#8221;1_2,1_2&#8243; module_class=&#8221;two-columns&#8221; _builder_version=&#8221;4.16&#8243; width=&#8221;98%&#8221; global_colors_info=&#8221;{}&#8221;][et_pb_column type=&#8221;1_2&#8243; _builder_version=&#8221;4.16&#8243; global_colors_info=&#8221;{}&#8221;][et_pb_blurb title=&#8221;Giornata a mare e pesca&#8221; image=&#8221;https:\/\/www.lecapannelle.com\/wp-content\/uploads\/fishing-day-during-sorrento-italy-holiday.jpeg&#8221; image_tablet=&#8221;https:\/\/www.lecapannelle.com\/wp-content\/uploads\/fishing-day-during-sorrento-italy-holiday.jpeg&#8221; image_phone=&#8221;https:\/\/www.lecapannelle.com\/wp-content\/uploads\/fishing-day-during-sorrento-italy-holiday-300&#215;200.jpeg&#8221; image_last_edited=&#8221;on|phone&#8221; _builder_version=&#8221;4.16&#8243; header_text_color=&#8221;#ffffff&#8221; width_tablet=&#8221;&#8221; width_phone=&#8221;&#8221; width_last_edited=&#8221;on|phone&#8221; animation_style=&#8221;fade&#8221; animation_duration=&#8221;1500ms&#8221; animation_speed_curve=&#8221;ease&#8221; scroll_vertical_motion_enable=&#8221;on&#8221; hover_transition_duration_tablet=&#8221;&#8221; hover_transition_duration_phone=&#8221;&#8221; hover_transition_duration_last_edited=&#8221;on|desktop&#8221; scroll_vertical_motion_tablet=&#8221;0|50|50|100|-1|0|0&#8243; scroll_vertical_motion_phone=&#8221;&#8221; scroll_vertical_motion_last_edited=&#8221;on|phone&#8221; global_colors_info=&#8221;{}&#8221;][\/et_pb_blurb][\/et_pb_column][et_pb_column type=&#8221;1_2&#8243; _builder_version=&#8221;4.16&#8243; global_colors_info=&#8221;{}&#8221;][et_pb_blurb title=&#8221;Tour in barca con Gozzo Sorrentino&#8221; image=&#8221;https:\/\/www.lecapannelle.com\/wp-content\/uploads\/boat-tour-holiday-apartments-sorrento-amalfi-coast.jpg&#8221; image_tablet=&#8221;https:\/\/www.lecapannelle.com\/wp-content\/uploads\/boat-tour-holiday-apartments-sorrento-amalfi-coast.jpg&#8221; image_phone=&#8221;https:\/\/www.lecapannelle.com\/wp-content\/uploads\/boat-tour-holiday-apartments-sorrento-amalfi-coast-300&#215;197.jpg&#8221; image_last_edited=&#8221;on|phone&#8221; _builder_version=&#8221;4.16&#8243; header_text_color=&#8221;#ffffff&#8221; animation_style=&#8221;fade&#8221; animation_speed_curve=&#8221;ease&#8221; scroll_vertical_motion_enable=&#8221;on&#8221; scroll_vertical_motion=&#8221;0|50|50|100|0|0|-2&#8243; motion_trigger_start=&#8221;top&#8221; global_colors_info=&#8221;{}&#8221;][\/et_pb_blurb][\/et_pb_column][\/et_pb_row][\/et_pb_section][et_pb_section fb_built=&#8221;1&#8243; custom_padding_last_edited=&#8221;on|phone&#8221; _builder_version=&#8221;4.16&#8243; custom_margin_tablet=&#8221;||||false|false&#8221; custom_margin_phone=&#8221;&#8221; custom_margin_last_edited=&#8221;on|tablet&#8221; custom_padding=&#8221;0px||||false|false&#8221; custom_padding_tablet=&#8221;||0px||false|false&#8221; custom_padding_phone=&#8221;&#8221; top_divider_color=&#8221;rgba(168,101,60,0.9)&#8221; bottom_divider_style=&#8221;arrow&#8221; bottom_divider_color=&#8221;rgba(0,0,0,0.2)&#8221; bottom_divider_height=&#8221;2px&#8221; global_colors_info=&#8221;{}&#8221;][et_pb_row _builder_version=&#8221;4.16&#8243; global_colors_info=&#8221;{}&#8221;][et_pb_column type=&#8221;4_4&#8243; _builder_version=&#8221;4.16&#8243; global_colors_info=&#8221;{}&#8221;][et_pb_text module_id=&#8221;ground-experiences-holiday-apartments-massa-lubrense&#8221; _builder_version=&#8221;4.16&#8243; header_2_text_color=&#8221;rgba(168,101,60,0.9)&#8221; width=&#8221;90%&#8221; module_alignment=&#8221;center&#8221; animation_style=&#8221;slide&#8221; animation_direction=&#8221;left&#8221; animation_delay=&#8221;100ms&#8221; global_colors_info=&#8221;{}&#8221;]<\/p>\n<h2>PAESAGGI e PERSONE<\/h2>\n<p>[\/et_pb_text][\/et_pb_column][\/et_pb_row][et_pb_row column_structure=&#8221;1_2,1_2&#8243; module_class=&#8221;two-columns&#8221; _builder_version=&#8221;4.16&#8243; width=&#8221;98%&#8221; global_colors_info=&#8221;{}&#8221;][et_pb_column type=&#8221;1_2&#8243; _builder_version=&#8221;4.16&#8243; global_colors_info=&#8221;{}&#8221;][et_pb_blurb title=&#8221;Visita Cantine e Assaggio Vini&#8221; use_icon=&#8221;on&#8221; font_icon=&#8221;&#xe008;||divi||400&#8243; _builder_version=&#8221;4.16&#8243; header_text_align=&#8221;center&#8221; animation_style=&#8221;fade&#8221; animation_speed_curve=&#8221;ease&#8221; global_colors_info=&#8221;{}&#8221;][\/et_pb_blurb][\/et_pb_column][et_pb_column type=&#8221;1_2&#8243; _builder_version=&#8221;4.16&#8243; global_colors_info=&#8221;{}&#8221;][et_pb_blurb title=&#8221;Pompei o Ercolano (con visita cantine)&#8221; use_icon=&#8221;on&#8221; font_icon=&#8221;&#xe073;||divi||400&#8243; _builder_version=&#8221;4.16&#8243; header_text_align=&#8221;center&#8221; animation_style=&#8221;fade&#8221; animation_duration=&#8221;1500ms&#8221; animation_speed_curve=&#8221;ease&#8221; global_colors_info=&#8221;{}&#8221;][\/et_pb_blurb][\/et_pb_column][\/et_pb_row][et_pb_row column_structure=&#8221;1_2,1_2&#8243; module_class=&#8221;two-columns&#8221; _builder_version=&#8221;4.16&#8243; width=&#8221;98%&#8221; width_last_edited=&#8221;off|desktop&#8221; global_colors_info=&#8221;{}&#8221;][et_pb_column type=&#8221;1_2&#8243; _builder_version=&#8221;4.16&#8243; global_colors_info=&#8221;{}&#8221;][et_pb_blurb title=&#8221;Giornata Gastronomica&#8221; use_icon=&#8221;on&#8221; font_icon=&#8221;&#xe008;||divi||400&#8243; _builder_version=&#8221;4.16&#8243; header_text_align=&#8221;center&#8221; animation_style=&#8221;fade&#8221; animation_duration=&#8221;2000ms&#8221; animation_speed_curve=&#8221;ease&#8221; global_colors_info=&#8221;{}&#8221;][\/et_pb_blurb][\/et_pb_column][et_pb_column type=&#8221;1_2&#8243; _builder_version=&#8221;4.16&#8243; global_colors_info=&#8221;{}&#8221;][et_pb_blurb title=&#8221;Pasta e Vino&#8221; use_icon=&#8221;on&#8221; font_icon=&#8221;&#xe073;||divi||400&#8243; _builder_version=&#8221;4.16&#8243; header_text_align=&#8221;center&#8221; animation_style=&#8221;fade&#8221; animation_speed_curve=&#8221;ease&#8221; global_colors_info=&#8221;{}&#8221;][\/et_pb_blurb][\/et_pb_column][\/et_pb_row][et_pb_row column_structure=&#8221;1_2,1_2&#8243; module_class=&#8221;two-columns&#8221; _builder_version=&#8221;4.16&#8243; width=&#8221;98%&#8221; global_colors_info=&#8221;{}&#8221;][et_pb_column type=&#8221;1_2&#8243; _builder_version=&#8221;4.16&#8243; global_colors_info=&#8221;{}&#8221;][et_pb_blurb title=&#8221;Pizza Party&#8221; use_icon=&#8221;on&#8221; font_icon=&#8221;&#xe008;||divi||400&#8243; _builder_version=&#8221;4.16&#8243; header_text_align=&#8221;center&#8221; animation_style=&#8221;fade&#8221; animation_duration=&#8221;1500ms&#8221; animation_speed_curve=&#8221;ease&#8221; global_colors_info=&#8221;{}&#8221;][\/et_pb_blurb][\/et_pb_column][et_pb_column type=&#8221;1_2&#8243; _builder_version=&#8221;4.16&#8243; global_colors_info=&#8221;{}&#8221;][\/et_pb_column][\/et_pb_row][\/et_pb_section]<\/p>\n","protected":false},"excerpt":{"rendered":"<p>Luoghi da visitareDa &#8220;Le Capannelle&#8221; \u00e8 facile raggiungere il limpido mare di Massa Lubrense (da anni vincitore della Bandiera Blu) per nuotate meravigliose e le esclusive calette prospicienti Sorrento &#8211; i Bagni della Regina Giovanna, Cala di Puolo&#8230; Agli amanti del trekking si offre la possibilit\u00e0 di lunghe passeggiate, tra gli agrumeti e gli uliveti [&hellip;]<\/p>\n","protected":false},"author":1,"featured_media":0,"parent":0,"menu_order":0,"comment_status":"closed","ping_status":"closed","template":"","meta":{"_et_pb_use_builder":"on","_et_pb_old_content":"","_et_gb_content_width":"","footnotes":""},"class_list":["post-658","page","type-page","status-publish","hentry"],"yoast_head":"<!-- This site is optimized with the Yoast SEO plugin v27.2 - https:\/\/yoast.com\/product\/yoast-seo-wordpress\/ -->\n<title>Cosa fare a Sorrento e in Costiera - Le Capannelle Massa Lubrense<\/title>\n<meta name=\"robots\" content=\"index, follow, max-snippet:-1, max-image-preview:large, max-video-preview:-1\" \/>\n<link rel=\"canonical\" href=\"https:\/\/www.lecapannelle.com\/it\/cosa-fare-sorrento-costiera\/\" \/>\n<meta property=\"og:locale\" content=\"it_IT\" \/>\n<meta property=\"og:type\" content=\"article\" \/>\n<meta property=\"og:title\" content=\"Cosa fare a Sorrento e in Costiera - Le Capannelle Massa Lubrense\" \/>\n<meta property=\"og:description\" content=\"Luoghi da visitareDa &quot;Le Capannelle&quot; \u00e8 facile raggiungere il limpido mare di Massa Lubrense (da anni vincitore della Bandiera Blu) per nuotate meravigliose e le esclusive calette prospicienti Sorrento - i Bagni della Regina Giovanna, Cala di Puolo... Agli amanti del trekking si offre la possibilit\u00e0 di lunghe passeggiate, tra gli agrumeti e gli uliveti [&hellip;]\" \/>\n<meta property=\"og:url\" content=\"https:\/\/www.lecapannelle.com\/it\/cosa-fare-sorrento-costiera\/\" \/>\n<meta property=\"og:site_name\" content=\"Le Capannelle Massa Lubrense\" \/>\n<meta property=\"article:modified_time\" content=\"2023-12-16T17:29:20+00:00\" \/>\n<meta name=\"twitter:card\" content=\"summary_large_image\" \/>\n<meta name=\"twitter:label1\" content=\"Tempo di lettura stimato\" \/>\n\t<meta name=\"twitter:data1\" content=\"7 minuti\" \/>\n<script type=\"application\/ld+json\" class=\"yoast-schema-graph\">{\"@context\":\"https:\/\/schema.org\",\"@graph\":[{\"@type\":\"WebPage\",\"@id\":\"https:\/\/www.lecapannelle.com\/it\/cosa-fare-sorrento-costiera\/\",\"url\":\"https:\/\/www.lecapannelle.com\/it\/cosa-fare-sorrento-costiera\/\",\"name\":\"Cosa fare a Sorrento e in Costiera - Le Capannelle Massa Lubrense\",\"isPartOf\":{\"@id\":\"https:\/\/www.lecapannelle.com\/it\/#website\"},\"datePublished\":\"2020-03-02T07:59:57+00:00\",\"dateModified\":\"2023-12-16T17:29:20+00:00\",\"breadcrumb\":{\"@id\":\"https:\/\/www.lecapannelle.com\/it\/cosa-fare-sorrento-costiera\/#breadcrumb\"},\"inLanguage\":\"it-IT\",\"potentialAction\":[{\"@type\":\"ReadAction\",\"target\":[\"https:\/\/www.lecapannelle.com\/it\/cosa-fare-sorrento-costiera\/\"]}]},{\"@type\":\"BreadcrumbList\",\"@id\":\"https:\/\/www.lecapannelle.com\/it\/cosa-fare-sorrento-costiera\/#breadcrumb\",\"itemListElement\":[{\"@type\":\"ListItem\",\"position\":1,\"name\":\"Home\",\"item\":\"https:\/\/www.lecapannelle.com\/it\/\"},{\"@type\":\"ListItem\",\"position\":2,\"name\":\"Cosa fare a Sorrento e in Costiera\"}]},{\"@type\":\"WebSite\",\"@id\":\"https:\/\/www.lecapannelle.com\/it\/#website\",\"url\":\"https:\/\/www.lecapannelle.com\/it\/\",\"name\":\"Le Capannelle Massa Lubrense\",\"description\":\"Holiday Apartments with Swimming Pool in Massa Lubrense\",\"publisher\":{\"@id\":\"https:\/\/www.lecapannelle.com\/it\/#organization\"},\"potentialAction\":[{\"@type\":\"SearchAction\",\"target\":{\"@type\":\"EntryPoint\",\"urlTemplate\":\"https:\/\/www.lecapannelle.com\/it\/?s={search_term_string}\"},\"query-input\":{\"@type\":\"PropertyValueSpecification\",\"valueRequired\":true,\"valueName\":\"search_term_string\"}}],\"inLanguage\":\"it-IT\"},{\"@type\":\"Organization\",\"@id\":\"https:\/\/www.lecapannelle.com\/it\/#organization\",\"name\":\"Residence Le Capannelle\",\"url\":\"https:\/\/www.lecapannelle.com\/it\/\",\"logo\":{\"@type\":\"ImageObject\",\"inLanguage\":\"it-IT\",\"@id\":\"https:\/\/www.lecapannelle.com\/it\/#\/schema\/logo\/image\/\",\"url\":\"https:\/\/www.lecapannelle.com\/wp-content\/uploads\/2019\/11\/logo.jpg\",\"contentUrl\":\"https:\/\/www.lecapannelle.com\/wp-content\/uploads\/2019\/11\/logo.jpg\",\"width\":185,\"height\":114,\"caption\":\"Residence Le Capannelle\"},\"image\":{\"@id\":\"https:\/\/www.lecapannelle.com\/it\/#\/schema\/logo\/image\/\"}}]}<\/script>\n<!-- \/ Yoast SEO plugin. -->","yoast_head_json":{"title":"Cosa fare a Sorrento e in Costiera - Le Capannelle Massa Lubrense","robots":{"index":"index","follow":"follow","max-snippet":"max-snippet:-1","max-image-preview":"max-image-preview:large","max-video-preview":"max-video-preview:-1"},"canonical":"https:\/\/www.lecapannelle.com\/it\/cosa-fare-sorrento-costiera\/","og_locale":"it_IT","og_type":"article","og_title":"Cosa fare a Sorrento e in Costiera - Le Capannelle Massa Lubrense","og_description":"Luoghi da visitareDa \"Le Capannelle\" \u00e8 facile raggiungere il limpido mare di Massa Lubrense (da anni vincitore della Bandiera Blu) per nuotate meravigliose e le esclusive calette prospicienti Sorrento - i Bagni della Regina Giovanna, Cala di Puolo... Agli amanti del trekking si offre la possibilit\u00e0 di lunghe passeggiate, tra gli agrumeti e gli uliveti [&hellip;]","og_url":"https:\/\/www.lecapannelle.com\/it\/cosa-fare-sorrento-costiera\/","og_site_name":"Le Capannelle Massa Lubrense","article_modified_time":"2023-12-16T17:29:20+00:00","twitter_card":"summary_large_image","twitter_misc":{"Tempo di lettura stimato":"7 minuti"},"schema":{"@context":"https:\/\/schema.org","@graph":[{"@type":"WebPage","@id":"https:\/\/www.lecapannelle.com\/it\/cosa-fare-sorrento-costiera\/","url":"https:\/\/www.lecapannelle.com\/it\/cosa-fare-sorrento-costiera\/","name":"Cosa fare a Sorrento e in Costiera - Le Capannelle Massa Lubrense","isPartOf":{"@id":"https:\/\/www.lecapannelle.com\/it\/#website"},"datePublished":"2020-03-02T07:59:57+00:00","dateModified":"2023-12-16T17:29:20+00:00","breadcrumb":{"@id":"https:\/\/www.lecapannelle.com\/it\/cosa-fare-sorrento-costiera\/#breadcrumb"},"inLanguage":"it-IT","potentialAction":[{"@type":"ReadAction","target":["https:\/\/www.lecapannelle.com\/it\/cosa-fare-sorrento-costiera\/"]}]},{"@type":"BreadcrumbList","@id":"https:\/\/www.lecapannelle.com\/it\/cosa-fare-sorrento-costiera\/#breadcrumb","itemListElement":[{"@type":"ListItem","position":1,"name":"Home","item":"https:\/\/www.lecapannelle.com\/it\/"},{"@type":"ListItem","position":2,"name":"Cosa fare a Sorrento e in Costiera"}]},{"@type":"WebSite","@id":"https:\/\/www.lecapannelle.com\/it\/#website","url":"https:\/\/www.lecapannelle.com\/it\/","name":"Le Capannelle Massa Lubrense","description":"Holiday Apartments with Swimming Pool in Massa Lubrense","publisher":{"@id":"https:\/\/www.lecapannelle.com\/it\/#organization"},"potentialAction":[{"@type":"SearchAction","target":{"@type":"EntryPoint","urlTemplate":"https:\/\/www.lecapannelle.com\/it\/?s={search_term_string}"},"query-input":{"@type":"PropertyValueSpecification","valueRequired":true,"valueName":"search_term_string"}}],"inLanguage":"it-IT"},{"@type":"Organization","@id":"https:\/\/www.lecapannelle.com\/it\/#organization","name":"Residence Le Capannelle","url":"https:\/\/www.lecapannelle.com\/it\/","logo":{"@type":"ImageObject","inLanguage":"it-IT","@id":"https:\/\/www.lecapannelle.com\/it\/#\/schema\/logo\/image\/","url":"https:\/\/www.lecapannelle.com\/wp-content\/uploads\/2019\/11\/logo.jpg","contentUrl":"https:\/\/www.lecapannelle.com\/wp-content\/uploads\/2019\/11\/logo.jpg","width":185,"height":114,"caption":"Residence Le Capannelle"},"image":{"@id":"https:\/\/www.lecapannelle.com\/it\/#\/schema\/logo\/image\/"}}]}},"_links":{"self":[{"href":"https:\/\/www.lecapannelle.com\/it\/wp-json\/wp\/v2\/pages\/658","targetHints":{"allow":["GET"]}}],"collection":[{"href":"https:\/\/www.lecapannelle.com\/it\/wp-json\/wp\/v2\/pages"}],"about":[{"href":"https:\/\/www.lecapannelle.com\/it\/wp-json\/wp\/v2\/types\/page"}],"author":[{"embeddable":true,"href":"https:\/\/www.lecapannelle.com\/it\/wp-json\/wp\/v2\/users\/1"}],"replies":[{"embeddable":true,"href":"https:\/\/www.lecapannelle.com\/it\/wp-json\/wp\/v2\/comments?post=658"}],"version-history":[{"count":3,"href":"https:\/\/www.lecapannelle.com\/it\/wp-json\/wp\/v2\/pages\/658\/revisions"}],"predecessor-version":[{"id":933,"href":"https:\/\/www.lecapannelle.com\/it\/wp-json\/wp\/v2\/pages\/658\/revisions\/933"}],"wp:attachment":[{"href":"https:\/\/www.lecapannelle.com\/it\/wp-json\/wp\/v2\/media?parent=658"}],"curies":[{"name":"wp","href":"https:\/\/api.w.org\/{rel}","templated":true}]}}