{"id":656,"date":"2020-03-02T08:52:25","date_gmt":"2020-03-02T07:52:25","guid":{"rendered":"http:\/\/www.lecapannelle.com\/offerte-speciali\/"},"modified":"2020-03-02T08:52:25","modified_gmt":"2020-03-02T07:52:25","slug":"offerte-speciali","status":"publish","type":"page","link":"https:\/\/www.lecapannelle.com\/it\/offerte-speciali\/","title":{"rendered":"Offerte Speciali"},"content":{"rendered":"<p>[et_pb_section fb_built=&#8221;1&#8243; custom_padding_last_edited=&#8221;on|phone&#8221; _builder_version=&#8221;4.3.4&#8243; background_image=&#8221;https:\/\/www.lecapannelle.com\/wp-content\/uploads\/lecapannelle-holiday-apartments-massa-lubrense.jpg&#8221; custom_padding=&#8221;1%||25%||false|false&#8221; custom_padding_tablet=&#8221;||33%||false|false&#8221; custom_padding_phone=&#8221;1%||50%||false|false&#8221; background_last_edited=&#8221;on|phone&#8221; background_image_phone=&#8221;https:\/\/www.lecapannelle.com\/wp-content\/uploads\/lecapannelle-holiday-apartments-massa-lubrense-300&#215;200.jpg&#8221; background_enable_image_phone=&#8221;on&#8221;][et_pb_row column_structure=&#8221;1_2,1_2&#8243; use_custom_gutter=&#8221;on&#8221; gutter_width=&#8221;1&#8243; custom_padding_last_edited=&#8221;on|desktop&#8221; _builder_version=&#8221;4.3.4&#8243; width=&#8221;50%&#8221; custom_padding=&#8221;5%||5%||true|false&#8221; custom_padding_tablet=&#8221;5%||5%||true|false&#8221; custom_padding_phone=&#8221;5%||5%||true|false&#8221; animation_style=&#8221;bounce&#8221;][et_pb_column type=&#8221;1_2&#8243; _builder_version=&#8221;4.3.2&#8243;][et_pb_blurb use_icon=&#8221;on&#8221; font_icon=&#8221;%%117%%&#8221; icon_color=&#8221;#ef8147&#8243; icon_alignment=&#8221;right&#8221; icon_alignment_tablet=&#8221;center&#8221; icon_alignment_phone=&#8221;center&#8221; icon_alignment_last_edited=&#8221;on|desktop&#8221; _builder_version=&#8221;4.3.4&#8243;][\/et_pb_blurb][\/et_pb_column][et_pb_column type=&#8221;1_2&#8243; _builder_version=&#8221;4.3.2&#8243;][et_pb_text _builder_version=&#8221;4.3.4&#8243; header_font=&#8221;||||||||&#8221; header_text_align=&#8221;left&#8221; header_text_color=&#8221;#ffffff&#8221; custom_margin=&#8221;10%||||false|false&#8221; custom_margin_tablet=&#8221;0%||||false|false&#8221; custom_margin_phone=&#8221;&#8221; custom_margin_last_edited=&#8221;on|phone&#8221; header_text_align_tablet=&#8221;center&#8221; header_text_align_phone=&#8221;&#8221; header_text_align_last_edited=&#8221;on|phone&#8221;]<\/p>\n<h1>Offerte Speciali!<\/h1>\n<p>[\/et_pb_text][\/et_pb_column][\/et_pb_row][\/et_pb_section][et_pb_section fb_built=&#8221;1&#8243; _builder_version=&#8221;4.3.2&#8243; box_shadow_style=&#8221;preset6&#8243;][et_pb_row _builder_version=&#8221;4.2.2&#8243;][et_pb_column type=&#8221;4_4&#8243; _builder_version=&#8221;4.2.2&#8243;][et_pb_text _builder_version=&#8221;4.3.2&#8243; custom_margin=&#8221;0%||8%||false|false&#8221; animation_style=&#8221;slide&#8221; animation_direction=&#8221;left&#8221;]In questa pagina dedichiamo ai nostri ospiti le migliori offerte!<\/p>\n<p>Cerchiamo di fare in modo che ognuno dei nostri ospiti possa trovare in questa parte del sito l\u2019offerta pi\u00f9 confacente alle proprie necessit\u00e0 in modo che ne possa uscire con la consapevolezza di non aver risparmiato denaro senza aver sprecato il proprio tempo.<\/p>\n<p>Di seguito indichiamo le promozioni dedicate ai nostri ospiti specificando le percentuali di sconto proposte, il regolamento e gli appartamenti aderenti.<\/p>\n<p>Per qualsiasi ulteriore informazione siamo a disposizione![\/et_pb_text][\/et_pb_column][\/et_pb_row][\/et_pb_section][et_pb_section fb_built=&#8221;1&#8243; _builder_version=&#8221;4.3.4&#8243; hover_enabled=&#8221;0&#8243; box_shadow_style=&#8221;preset3&#8243; box_shadow_vertical=&#8221;2px&#8221;][et_pb_row column_structure=&#8221;2_5,3_5&#8243; custom_padding_last_edited=&#8221;on|phone&#8221; module_id=&#8221;family-friends-sorrento-peninsula&#8221; _builder_version=&#8221;4.3.4&#8243; background_enable_color=&#8221;off&#8221; width=&#8221;90%&#8221; module_alignment=&#8221;left&#8221; custom_padding=&#8221;10%||10%||true|false&#8221; custom_padding_tablet=&#8221;&#8221; custom_padding_phone=&#8221;&#8221; animation_style=&#8221;slide&#8221; animation_direction=&#8221;left&#8221; box_shadow_style=&#8221;preset1&#8243; box_shadow_color=&#8221;#1088c5&#8243;][et_pb_column type=&#8221;2_5&#8243; _builder_version=&#8221;4.2.2&#8243;][et_pb_text _builder_version=&#8221;4.2.2&#8243;]<\/p>\n<h2 style=\"text-align: center;\">Famiglie e Amici<\/h2>\n<p>[\/et_pb_text][et_pb_image src=&#8221;https:\/\/www.lecapannelle.com\/wp-content\/uploads\/lecapannelle-save-10.jpg&#8221; src_tablet=&#8221;https:\/\/www.lecapannelle.com\/wp-content\/uploads\/lecapannelle-save-10.jpg&#8221; src_phone=&#8221;https:\/\/www.lecapannelle.com\/wp-content\/uploads\/lecapannelle-save-10-300&#215;200.jpg&#8221; src_last_edited=&#8221;on|tablet&#8221; align_tablet=&#8221;&#8221; align_phone=&#8221;center&#8221; align_last_edited=&#8221;on|phone&#8221; _builder_version=&#8221;4.3.4&#8243; custom_margin=&#8221;|-1%||1%|false|false&#8221; custom_padding=&#8221;||||false|false&#8221;][\/et_pb_image][\/et_pb_column][et_pb_column type=&#8221;3_5&#8243; _builder_version=&#8221;4.2.2&#8243;][et_pb_divider divider_weight=&#8221;5px&#8221; disabled_on=&#8221;off|off|on&#8221; _builder_version=&#8221;4.3.4&#8243; width=&#8221;20%&#8221; module_alignment=&#8221;center&#8221; custom_margin_tablet=&#8221;2%||||false|false&#8221; custom_margin_phone=&#8221;4%||||false|false&#8221; custom_margin_last_edited=&#8221;on|phone&#8221; custom_padding=&#8221;||||false|false&#8221; custom_padding_tablet=&#8221;||||false|false&#8221; custom_padding_phone=&#8221;&#8221; custom_padding_last_edited=&#8221;on|tablet&#8221; scroll_scaling_enable=&#8221;on&#8221;][\/et_pb_divider][et_pb_text _builder_version=&#8221;4.3.4&#8243; text_orientation=&#8221;justified&#8221; custom_margin=&#8221;|2%||-2%|false|false&#8221; custom_margin_tablet=&#8221;|2%||2%|false|false&#8221; custom_margin_phone=&#8221;&#8221; custom_margin_last_edited=&#8221;on|phone&#8221; animation_direction=&#8221;left&#8221;]Noi de Le Capannelle riteniamo che la vacanza in uno dei nostri appartamenti sia una cosa importante per accrescere e consolidare una amicizia, per questo abbiamo pensato questa promozione:<\/p>\n<p>se qualcuno dei nostri clienti ci segnala qualche amico che prenota una soggiorno a Le Capannelle, noi premiamo entrambi con uno sconto del <span style=\"font-size: 130%;\"><b style=\"color: #ef8147;\">10%<\/b><\/span>!<\/p>\n<p>Tale sconto potr\u00e0 essere utilizzato immediatamente dal nostro nuovo ospite e nei 12 mesi successivi dal nostro cliente affezionato.<\/p>\n<p>E siccome ci piace stare in compagnia e scriverci in liber\u00e0, estendiamo questa promozione anche alle amicizie sui Social Network pi\u00f9 usati quali Twitter, Facebook, ecc.[\/et_pb_text][\/et_pb_column][\/et_pb_row][et_pb_row column_structure=&#8221;2_5,3_5&#8243; custom_padding_last_edited=&#8221;on|desktop&#8221; module_id=&#8221;advance-booking-last-minute-amalfi-coast&#8221; _builder_version=&#8221;4.3.4&#8243; background_enable_color=&#8221;off&#8221; width=&#8221;90%&#8221; module_alignment=&#8221;right&#8221; custom_margin=&#8221;6%|auto|6%|auto|true|false&#8221; custom_padding=&#8221;10%||10%||true|false&#8221; custom_padding_tablet=&#8221;&#8221; custom_padding_phone=&#8221;&#8221; animation_style=&#8221;slide&#8221; animation_direction=&#8221;right&#8221; box_shadow_style=&#8221;preset1&#8243; box_shadow_color=&#8221;#ef8147&#8243;][et_pb_column type=&#8221;2_5&#8243; _builder_version=&#8221;4.2.2&#8243;][et_pb_text _builder_version=&#8221;4.2.2&#8243;]<\/p>\n<h2 style=\"text-align: center;\">Prenotazioni Anticipate e Last Minute:<\/h2>\n<p>[\/et_pb_text][et_pb_image src=&#8221;https:\/\/www.lecapannelle.com\/wp-content\/uploads\/lecapannelle-save-30.jpg&#8221; src_tablet=&#8221;https:\/\/www.lecapannelle.com\/wp-content\/uploads\/lecapannelle-save-30.jpg&#8221; src_phone=&#8221;https:\/\/www.lecapannelle.com\/wp-content\/uploads\/lecapannelle-save-30-300&#215;200.jpg&#8221; src_last_edited=&#8221;on|phone&#8221; align_tablet=&#8221;&#8221; align_phone=&#8221;center&#8221; align_last_edited=&#8221;on|phone&#8221; _builder_version=&#8221;4.3.4&#8243; width_tablet=&#8221;&#8221; width_phone=&#8221;&#8221; width_last_edited=&#8221;on|tablet&#8221; custom_margin=&#8221;|-1%||1%|false|false&#8221; custom_margin_tablet=&#8221;|1%||-1%|false|false&#8221; custom_margin_phone=&#8221;|0%||0%|false|false&#8221; custom_margin_last_edited=&#8221;on|phone&#8221;][\/et_pb_image][\/et_pb_column][et_pb_column type=&#8221;3_5&#8243; _builder_version=&#8221;4.2.2&#8243;][et_pb_divider color=&#8221;#ef8147&#8243; divider_weight=&#8221;5px&#8221; disabled_on=&#8221;off|off|on&#8221; _builder_version=&#8221;4.3.4&#8243; width=&#8221;20%&#8221; module_alignment=&#8221;center&#8221; custom_margin_tablet=&#8221;2%||||false|false&#8221; custom_margin_phone=&#8221;4%||||false|false&#8221; custom_margin_last_edited=&#8221;on|phone&#8221; custom_padding=&#8221;||||false|false&#8221; custom_padding_tablet=&#8221;||||false|false&#8221; custom_padding_phone=&#8221;&#8221; custom_padding_last_edited=&#8221;on|tablet&#8221; scroll_scaling_enable=&#8221;on&#8221;][\/et_pb_divider][et_pb_text _builder_version=&#8221;4.3.2&#8243; text_orientation=&#8221;justified&#8221; custom_margin=&#8221;|2%||-2%|false|false&#8221; custom_margin_tablet=&#8221;|2%||2%|false|false&#8221; custom_margin_phone=&#8221;&#8221; custom_margin_last_edited=&#8221;on|phone&#8221; custom_padding=&#8221;|3%|||false|false&#8221;]Si possono ottenere sconti fino al <span style=\"font-size: 130%;\"><b style=\"color: #ef8147;\">30%<\/b><\/span>!<\/p>\n<p>L\u2019Advance Booking prevede il 30% di sconto sui listini pubblicati se prenoti 12 mesi prima della partenza.<\/p>\n<p>La percentuale scende al 20% di sconto se prenoti almeno 9 mesi prima della partenza e si riduce al 10% se prenoti almeno 6 mesi prima della tua vacanza.<\/p>\n<p>Il Last Minute prevede il 30% di sconto sui prezzi di listino se prenoti meno di 7 giorni prima della partenza.<\/p>\n<p><em style=\"font-size: 80%;\">**Offerta non valida per l&#8217;alta stagione (da giugno a settembre).<\/em>[\/et_pb_text][\/et_pb_column][\/et_pb_row][et_pb_row column_structure=&#8221;2_5,3_5&#8243; module_id=&#8221;long-weekends-holiday-events-amalfi-coast&#8221; _builder_version=&#8221;4.3.4&#8243; background_enable_color=&#8221;off&#8221; width=&#8221;90%&#8221; module_alignment=&#8221;left&#8221; custom_margin=&#8221;||5%||false|false&#8221; custom_padding=&#8221;10%||10%||true|false&#8221; animation_style=&#8221;slide&#8221; animation_direction=&#8221;left&#8221; box_shadow_style=&#8221;preset1&#8243; box_shadow_color=&#8221;#1088c5&#8243;][et_pb_column type=&#8221;2_5&#8243; _builder_version=&#8221;4.2.2&#8243;][et_pb_text _builder_version=&#8221;4.2.2&#8243;]<\/p>\n<h2 style=\"text-align: center;\">Ponti, Festivit\u00e0, Manifestazioni&#8230;<\/h2>\n<p>[\/et_pb_text][et_pb_image src=&#8221;https:\/\/www.lecapannelle.com\/wp-content\/uploads\/special-occasions-vacation-rentals-amalfi-coast.jpg&#8221; src_tablet=&#8221;https:\/\/www.lecapannelle.com\/wp-content\/uploads\/special-occasions-vacation-rentals-amalfi-coast.jpg&#8221; src_phone=&#8221;https:\/\/www.lecapannelle.com\/wp-content\/uploads\/special-occasions-vacation-rentals-amalfi-coast-300&#215;200.jpg&#8221; src_last_edited=&#8221;on|tablet&#8221; align_tablet=&#8221;&#8221; align_phone=&#8221;center&#8221; align_last_edited=&#8221;on|phone&#8221; _builder_version=&#8221;4.3.4&#8243; custom_margin=&#8221;|-1%||1%|false|false&#8221;][\/et_pb_image][\/et_pb_column][et_pb_column type=&#8221;3_5&#8243; _builder_version=&#8221;4.2.2&#8243;][et_pb_divider divider_weight=&#8221;5px&#8221; disabled_on=&#8221;off|off|on&#8221; _builder_version=&#8221;4.3.4&#8243; width=&#8221;20%&#8221; module_alignment=&#8221;center&#8221; custom_margin_tablet=&#8221;2%||||false|false&#8221; custom_margin_phone=&#8221;4%||||false|false&#8221; custom_margin_last_edited=&#8221;on|phone&#8221; custom_padding=&#8221;||||false|false&#8221; custom_padding_tablet=&#8221;||||false|false&#8221; custom_padding_phone=&#8221;&#8221; custom_padding_last_edited=&#8221;on|tablet&#8221; scroll_scaling_enable=&#8221;on&#8221;][\/et_pb_divider][et_pb_text _builder_version=&#8221;4.3.2&#8243; text_orientation=&#8221;justified&#8221; custom_margin=&#8221;|2%||-2%|false|false&#8221; custom_margin_tablet=&#8221;|2%||2%|false|false&#8221; custom_margin_phone=&#8221;&#8221; custom_margin_last_edited=&#8221;on|tablet&#8221;]Ci piace anche fare festa, la casa di vacanza \u00e8 perfetta per il ponte o la vacanza breve, \u00e8 pi\u00f9 economica, d\u00e0 meno vincoli al nostro ospite lasciandogli pi\u00f9 tempo per se e per i suoi interessi culturali ed affettivi senza vincoli di sorta.<\/p>\n<p>Perci\u00f2 offriamo ai nostri ospiti la possibilit\u00e0 di ottenere sconti particolari in presenza i feste comandate od eventi particolari, ponti, settimane bianche, Natale, Pasqua&#8230; ogni occasione \u00e8 buona per far festa ed uscire dalla routine risparmiando divertendosi.[\/et_pb_text][\/et_pb_column][\/et_pb_row][\/et_pb_section]<\/p>\n","protected":false},"excerpt":{"rendered":"<p>Offerte Speciali!In questa pagina dedichiamo ai nostri ospiti le migliori offerte! Cerchiamo di fare in modo che ognuno dei nostri ospiti possa trovare in questa parte del sito l\u2019offerta pi\u00f9 confacente alle proprie necessit\u00e0 in modo che ne possa uscire con la consapevolezza di non aver risparmiato denaro senza aver sprecato il proprio tempo. Di [&hellip;]<\/p>\n","protected":false},"author":1,"featured_media":0,"parent":0,"menu_order":0,"comment_status":"closed","ping_status":"closed","template":"","meta":{"_et_pb_use_builder":"on","_et_pb_old_content":"","_et_gb_content_width":"","footnotes":""},"class_list":["post-656","page","type-page","status-publish","hentry"],"yoast_head":"<!-- This site is optimized with the Yoast SEO plugin v27.2 - https:\/\/yoast.com\/product\/yoast-seo-wordpress\/ -->\n<title>Offerte Speciali - Le Capannelle Massa Lubrense<\/title>\n<meta name=\"robots\" content=\"index, follow, max-snippet:-1, max-image-preview:large, max-video-preview:-1\" \/>\n<link rel=\"canonical\" href=\"https:\/\/www.lecapannelle.com\/it\/offerte-speciali\/\" \/>\n<meta property=\"og:locale\" content=\"it_IT\" \/>\n<meta property=\"og:type\" content=\"article\" \/>\n<meta property=\"og:title\" content=\"Offerte Speciali - Le Capannelle Massa Lubrense\" \/>\n<meta property=\"og:description\" content=\"Offerte Speciali!In questa pagina dedichiamo ai nostri ospiti le migliori offerte! Cerchiamo di fare in modo che ognuno dei nostri ospiti possa trovare in questa parte del sito l\u2019offerta pi\u00f9 confacente alle proprie necessit\u00e0 in modo che ne possa uscire con la consapevolezza di non aver risparmiato denaro senza aver sprecato il proprio tempo. Di [&hellip;]\" \/>\n<meta property=\"og:url\" content=\"https:\/\/www.lecapannelle.com\/it\/offerte-speciali\/\" \/>\n<meta property=\"og:site_name\" content=\"Le Capannelle Massa Lubrense\" \/>\n<meta name=\"twitter:card\" content=\"summary_large_image\" \/>\n<meta name=\"twitter:label1\" content=\"Tempo di lettura stimato\" \/>\n\t<meta name=\"twitter:data1\" content=\"7 minuti\" \/>\n<script type=\"application\/ld+json\" class=\"yoast-schema-graph\">{\"@context\":\"https:\/\/schema.org\",\"@graph\":[{\"@type\":\"WebPage\",\"@id\":\"https:\/\/www.lecapannelle.com\/it\/offerte-speciali\/\",\"url\":\"https:\/\/www.lecapannelle.com\/it\/offerte-speciali\/\",\"name\":\"Offerte Speciali - Le Capannelle Massa Lubrense\",\"isPartOf\":{\"@id\":\"https:\/\/www.lecapannelle.com\/it\/#website\"},\"datePublished\":\"2020-03-02T07:52:25+00:00\",\"breadcrumb\":{\"@id\":\"https:\/\/www.lecapannelle.com\/it\/offerte-speciali\/#breadcrumb\"},\"inLanguage\":\"it-IT\",\"potentialAction\":[{\"@type\":\"ReadAction\",\"target\":[\"https:\/\/www.lecapannelle.com\/it\/offerte-speciali\/\"]}]},{\"@type\":\"BreadcrumbList\",\"@id\":\"https:\/\/www.lecapannelle.com\/it\/offerte-speciali\/#breadcrumb\",\"itemListElement\":[{\"@type\":\"ListItem\",\"position\":1,\"name\":\"Home\",\"item\":\"https:\/\/www.lecapannelle.com\/it\/\"},{\"@type\":\"ListItem\",\"position\":2,\"name\":\"Offerte Speciali\"}]},{\"@type\":\"WebSite\",\"@id\":\"https:\/\/www.lecapannelle.com\/it\/#website\",\"url\":\"https:\/\/www.lecapannelle.com\/it\/\",\"name\":\"Le Capannelle Massa Lubrense\",\"description\":\"Holiday Apartments with Swimming Pool in Massa Lubrense\",\"publisher\":{\"@id\":\"https:\/\/www.lecapannelle.com\/it\/#organization\"},\"potentialAction\":[{\"@type\":\"SearchAction\",\"target\":{\"@type\":\"EntryPoint\",\"urlTemplate\":\"https:\/\/www.lecapannelle.com\/it\/?s={search_term_string}\"},\"query-input\":{\"@type\":\"PropertyValueSpecification\",\"valueRequired\":true,\"valueName\":\"search_term_string\"}}],\"inLanguage\":\"it-IT\"},{\"@type\":\"Organization\",\"@id\":\"https:\/\/www.lecapannelle.com\/it\/#organization\",\"name\":\"Residence Le Capannelle\",\"url\":\"https:\/\/www.lecapannelle.com\/it\/\",\"logo\":{\"@type\":\"ImageObject\",\"inLanguage\":\"it-IT\",\"@id\":\"https:\/\/www.lecapannelle.com\/it\/#\/schema\/logo\/image\/\",\"url\":\"https:\/\/www.lecapannelle.com\/wp-content\/uploads\/2019\/11\/logo.jpg\",\"contentUrl\":\"https:\/\/www.lecapannelle.com\/wp-content\/uploads\/2019\/11\/logo.jpg\",\"width\":185,\"height\":114,\"caption\":\"Residence Le Capannelle\"},\"image\":{\"@id\":\"https:\/\/www.lecapannelle.com\/it\/#\/schema\/logo\/image\/\"}}]}<\/script>\n<!-- \/ Yoast SEO plugin. -->","yoast_head_json":{"title":"Offerte Speciali - Le Capannelle Massa Lubrense","robots":{"index":"index","follow":"follow","max-snippet":"max-snippet:-1","max-image-preview":"max-image-preview:large","max-video-preview":"max-video-preview:-1"},"canonical":"https:\/\/www.lecapannelle.com\/it\/offerte-speciali\/","og_locale":"it_IT","og_type":"article","og_title":"Offerte Speciali - Le Capannelle Massa Lubrense","og_description":"Offerte Speciali!In questa pagina dedichiamo ai nostri ospiti le migliori offerte! Cerchiamo di fare in modo che ognuno dei nostri ospiti possa trovare in questa parte del sito l\u2019offerta pi\u00f9 confacente alle proprie necessit\u00e0 in modo che ne possa uscire con la consapevolezza di non aver risparmiato denaro senza aver sprecato il proprio tempo. Di [&hellip;]","og_url":"https:\/\/www.lecapannelle.com\/it\/offerte-speciali\/","og_site_name":"Le Capannelle Massa Lubrense","twitter_card":"summary_large_image","twitter_misc":{"Tempo di lettura stimato":"7 minuti"},"schema":{"@context":"https:\/\/schema.org","@graph":[{"@type":"WebPage","@id":"https:\/\/www.lecapannelle.com\/it\/offerte-speciali\/","url":"https:\/\/www.lecapannelle.com\/it\/offerte-speciali\/","name":"Offerte Speciali - Le Capannelle Massa Lubrense","isPartOf":{"@id":"https:\/\/www.lecapannelle.com\/it\/#website"},"datePublished":"2020-03-02T07:52:25+00:00","breadcrumb":{"@id":"https:\/\/www.lecapannelle.com\/it\/offerte-speciali\/#breadcrumb"},"inLanguage":"it-IT","potentialAction":[{"@type":"ReadAction","target":["https:\/\/www.lecapannelle.com\/it\/offerte-speciali\/"]}]},{"@type":"BreadcrumbList","@id":"https:\/\/www.lecapannelle.com\/it\/offerte-speciali\/#breadcrumb","itemListElement":[{"@type":"ListItem","position":1,"name":"Home","item":"https:\/\/www.lecapannelle.com\/it\/"},{"@type":"ListItem","position":2,"name":"Offerte Speciali"}]},{"@type":"WebSite","@id":"https:\/\/www.lecapannelle.com\/it\/#website","url":"https:\/\/www.lecapannelle.com\/it\/","name":"Le Capannelle Massa Lubrense","description":"Holiday Apartments with Swimming Pool in Massa Lubrense","publisher":{"@id":"https:\/\/www.lecapannelle.com\/it\/#organization"},"potentialAction":[{"@type":"SearchAction","target":{"@type":"EntryPoint","urlTemplate":"https:\/\/www.lecapannelle.com\/it\/?s={search_term_string}"},"query-input":{"@type":"PropertyValueSpecification","valueRequired":true,"valueName":"search_term_string"}}],"inLanguage":"it-IT"},{"@type":"Organization","@id":"https:\/\/www.lecapannelle.com\/it\/#organization","name":"Residence Le Capannelle","url":"https:\/\/www.lecapannelle.com\/it\/","logo":{"@type":"ImageObject","inLanguage":"it-IT","@id":"https:\/\/www.lecapannelle.com\/it\/#\/schema\/logo\/image\/","url":"https:\/\/www.lecapannelle.com\/wp-content\/uploads\/2019\/11\/logo.jpg","contentUrl":"https:\/\/www.lecapannelle.com\/wp-content\/uploads\/2019\/11\/logo.jpg","width":185,"height":114,"caption":"Residence Le Capannelle"},"image":{"@id":"https:\/\/www.lecapannelle.com\/it\/#\/schema\/logo\/image\/"}}]}},"_links":{"self":[{"href":"https:\/\/www.lecapannelle.com\/it\/wp-json\/wp\/v2\/pages\/656","targetHints":{"allow":["GET"]}}],"collection":[{"href":"https:\/\/www.lecapannelle.com\/it\/wp-json\/wp\/v2\/pages"}],"about":[{"href":"https:\/\/www.lecapannelle.com\/it\/wp-json\/wp\/v2\/types\/page"}],"author":[{"embeddable":true,"href":"https:\/\/www.lecapannelle.com\/it\/wp-json\/wp\/v2\/users\/1"}],"replies":[{"embeddable":true,"href":"https:\/\/www.lecapannelle.com\/it\/wp-json\/wp\/v2\/comments?post=656"}],"version-history":[{"count":1,"href":"https:\/\/www.lecapannelle.com\/it\/wp-json\/wp\/v2\/pages\/656\/revisions"}],"predecessor-version":[{"id":657,"href":"https:\/\/www.lecapannelle.com\/it\/wp-json\/wp\/v2\/pages\/656\/revisions\/657"}],"wp:attachment":[{"href":"https:\/\/www.lecapannelle.com\/it\/wp-json\/wp\/v2\/media?parent=656"}],"curies":[{"name":"wp","href":"https:\/\/api.w.org\/{rel}","templated":true}]}}