{"id":654,"date":"2020-02-29T16:59:05","date_gmt":"2020-02-29T15:59:05","guid":{"rendered":"http:\/\/www.lecapannelle.com\/informativa-sulla-privacy\/"},"modified":"2020-03-02T09:07:35","modified_gmt":"2020-03-02T08:07:35","slug":"informativa-privacy","status":"publish","type":"page","link":"https:\/\/www.lecapannelle.com\/it\/informativa-privacy\/","title":{"rendered":"Informativa sulla privacy"},"content":{"rendered":"<p>[et_pb_section fb_built=&#8221;1&#8243; _builder_version=&#8221;4.2.2&#8243;][et_pb_row _builder_version=&#8221;4.2.2&#8243;][et_pb_column type=&#8221;4_4&#8243; _builder_version=&#8221;4.2.2&#8243;][et_pb_text _builder_version=&#8221;4.2.2&#8243; text_orientation=&#8221;justified&#8221; hover_enabled=&#8221;0&#8243;]<\/p>\n<h1 style=\"text-align: center;\">Informativa sulla privacy Le Capannelle<\/h1>\n<p>La legge 31 dicembre 1996 n. 675, recante disposizioni per la tutela delle persone e di altri soggetti rispetto al trattamento dei dati personali, \u00e8 stata abrogata dal decreto legislativo 30 giugno 2003 n. 196, che ha introdotto il nuovo Codice in materia di protezione dei dati personali. A tal fine, Le Capannelle con sede in Corso Sant&#8217;Agata, 63 &#8211; 80061 &#8211; Sant&#8217;Agata sui Due Golfi [NA] &#8211; Italy, e Feeling Italy, in qualit\u00e0 di Titolari autonomi del trattamento, ognuna per il proprio rispettivo ambito, sono tenute a fornire alcune informazioni riguardanti l&#8217;utilizzo dei dati personali da Lei forniti, ovvero altrimenti acquisiti nell&#8217;ambito della rispettiva attivit\u00e0.<\/p>\n<p>Fonte dei dati personali<br \/>\nI dati personali in possesso di Le Capannelle e Feeling Italy sono raccolti direttamente presso la clientela ovvero presso terzi come, ad esempio, nell&#8217;ipotesi in cui si acquisiscano dati da societ\u00e0 esterne a fini di informazioni commerciali, ricerche di mercato, offerte dirette di prodotti o servizi. Per quest&#8217;ultima tipologia di dati sar\u00e0 fornita un&#8217;informativa all&#8217;atto della loro registrazione e comunque non oltre la prima eventuale comunicazione. In ogni caso tutti questi dati verranno trattati nel rispetto della citata legge e degli obblighi di riservatezza cui si \u00e8 sempre ispirata l&#8217;attivit\u00e0 della nostra Societ\u00e0.<\/p>\n<p>Verranno raccolti i seguenti dati:<br \/>\n&#8211; indirizzo IP dell&#8217;utente;<br \/>\n&#8211; indirizzo e-mail personale;<br \/>\n&#8211; indirizzo URL di provenienza;<\/p>\n<p>Pu\u00f2 accadere, inoltre, che in relazione a specifiche operazioni o prodotti richiesti dal Cliente, Le Capannelle e Feeling Italy vengano in possesso di dati che la legge definisce come sensibili, perch\u00e8 da essi possono desumersi l&#8217;eventuale appartenenza del cliente ad associazioni o informazioni sul suo stato di salute. Per il loro trattamento la legge richiese una specifica manifestazione di consenso.<\/p>\n<p>Finalit\u00e0 del trattamento cui sono destinati i dati<br \/>\nI dati personali da Lei forniti sono trattati nell&#8217;ambito della normale attivit\u00e0 di Le Capannelle e Feeling Italy e secondo le seguenti finalit\u00e0:<br \/>\n&#8211; completamento e supporto dell&#8217;accesso;<br \/>\n&#8211; per dare esecuzione alla transazione che l&#8217;utente sta compiendo;<br \/>\n&#8211; per eseguire obblighi di legge;<br \/>\n&#8211; per esigenze di tipo operativo e gestionale.<\/p>\n<p>Modalit\u00e0 di trattamento dei dati<br \/>\nIn relazione alle indicate finalit\u00e0, il trattamento dei dati personali avviene mediante strumenti manuali, informatici e telematici con logiche strettamente correlate alle finalit\u00e0 stesse e, comunque, in modo da garantire la sicurezza e la riservatezza dei dati stessi. In ogni caso la protezione \u00e8 assicurata anche quando vengono attivati canali innovativi quali, ad esempio, banca telefonica e chioschi multimediali.<br \/>\nIl trattamento dei dati avverr\u00e0 mediante strumenti idonei a garantirne la sicurezza e la riservatezza e potr\u00e0 essere effettuato anche attraverso strumenti automatizzati atti a memorizzare, gestire e trasmettere i dati stessi.<br \/>\nCategorie di soggetti ai quali i dati possono essere comunicati Per lo svolgimento della gran parte della sua attivit\u00e0, Le Capannelle e Feeling Italy, come tutte le grandi imprese, si rivolgono anche a societ\u00e0 esterne per ragioni di natura tecnica e organizzativa, nella instaurazione e gestione dei rapporti con la clientela. Si tratta, in modo particolare, di soggetti che svolgono le seguenti attivit\u00e0:<br \/>\n&#8211; l&#8217;effettuazione di lavorazioni necessarie per l&#8217;esecuzione delle disposizioni ricevute dalla clientela;<br \/>\n&#8211; la gestione di servizi di pagamento, di carte di credito, di esattorie e tesorerie, ecc;<br \/>\n&#8211; il controllo delle frodi e il recupero dei crediti;<br \/>\n&#8211; la revisione contabile.<\/p>\n<p>Ne segue che, senza il consenso dell&#8217;interessato alle comunicazioni a terzi ed ai relativi trattamenti, Le Capannelle potr\u00e0 eseguire solo quelle operazioni che non prevedono tali comunicazioni.<br \/>\nLa avvertiamo che, in attesa di detto consenso, qualora Lei richieda comunque l&#8217;esecuzione di specifiche operazioni e servizi diversi da quelli sopra prospettati, l&#8217;esecuzione degli stessi da parte de Le Capannelle deve intendersi come manifestazione provvisoria di consenso limitatamente ai trattamenti relativi alle operazioni e servizi richiesti.<\/p>\n<p>Tutti i soggetti appartenenti alle categorie ai quali possono essere comunicati utilizzeranno i dati in qualit\u00e0 di titolari ai sensi del decreto legislativo 196\/2003, in piena autonomia, essendo estranei all&#8217;originario trattamento effettuato presso Le Capannelle.<\/p>\n<p>I dati personali in possesso di Le Capannelle potranno essere comunicati ad altri soggetti, che possono venirne a conoscenza, in qualit\u00e0 di responsabili o incaricati. L&#8217;elenco completo, e costantemente aggiornato, degli uffici e dei responsabili che, all&#8217;interno de Le Capannelle, trattano dati personali \u00e8 disponibile presso la rispettive Sedi Legali delle due Aziende.<\/p>\n<p>I dati personali trattati dalla Banca non sono oggetto di diffusione.<\/p>\n<p>Diritti di cui all&#8217;art.7<br \/>\nLa informiamo, infine, che l&#8217;art. 7 del decreto legislativo 196\/2003 conferisce agli interessati l&#8217;esercizio di specifici diritti. In particolare, l&#8217;interessato pu\u00f2 ottenere dal Titolare la conferma dell&#8217;esistenza o no di propri dati personali e che tali dati vengano messi a sua disposizione in forma intelligibile. L&#8217;interessato pu\u00f2 altres\u00ec chiedere di conoscere l&#8217;origine dei dati personali, la finalit\u00e0 e modalit\u00e0 del trattamento, la logica applicata in caso di trattamento effettuato con l&#8217;ausilio di strumenti elettronici, gli estremi identificativi del titolare e del responsabile di ottenere la cancellazione, la trasformazione in forma anonima o il blocco dei dati trattati in violazione di legge nonch\u00e8 l&#8217;aggiornamento, la rettificazione o, se vi \u00e8 interesse, l&#8217;integrazione dei dati; di opporsi, per motivi legittimi, al trattamento di dati che lo riguardano anche ai fini di invio di materiale pubblicitario o di vendita diretta.<br \/>\nI diritti in oggetto potranno essere esercitati, anche per il tramite di un incaricato, mediante richiesta rivolta al responsabile nominato con lettera. Nell&#8217;esercizio dei diritti, l&#8217;interessato pu\u00f2 conferire per iscritto, delega o procura a<br \/>\npersone fisiche, enti, associazioni od organismi. L&#8217;interessato pu\u00f2, altres\u00ec, farsi assistere da una persona di fiducia.<\/p>\n<p>Ulteriori informazioni potranno essere richieste, per iscritto, presso le Sedi Legali di Le Capannelle e Feeling Italy.<br \/>\nTitolari del trattamento sono Le Capannelle e Feeling Italy.[\/et_pb_text][\/et_pb_column][\/et_pb_row][\/et_pb_section]<\/p>\n","protected":false},"excerpt":{"rendered":"<p>Informativa sulla privacy Le Capannelle La legge 31 dicembre 1996 n. 675, recante disposizioni per la tutela delle persone e di altri soggetti rispetto al trattamento dei dati personali, \u00e8 stata abrogata dal decreto legislativo 30 giugno 2003 n. 196, che ha introdotto il nuovo Codice in materia di protezione dei dati personali. A tal [&hellip;]<\/p>\n","protected":false},"author":1,"featured_media":0,"parent":0,"menu_order":0,"comment_status":"closed","ping_status":"closed","template":"","meta":{"_et_pb_use_builder":"on","_et_pb_old_content":"","_et_gb_content_width":"","footnotes":""},"class_list":["post-654","page","type-page","status-publish","hentry"],"yoast_head":"<!-- This site is optimized with the Yoast SEO plugin v27.2 - https:\/\/yoast.com\/product\/yoast-seo-wordpress\/ -->\n<title>Informativa sulla privacy - Le Capannelle Massa Lubrense<\/title>\n<meta name=\"robots\" content=\"index, follow, max-snippet:-1, max-image-preview:large, max-video-preview:-1\" \/>\n<link rel=\"canonical\" href=\"https:\/\/www.lecapannelle.com\/it\/informativa-privacy\/\" \/>\n<meta property=\"og:locale\" content=\"it_IT\" \/>\n<meta property=\"og:type\" content=\"article\" \/>\n<meta property=\"og:title\" content=\"Informativa sulla privacy - Le Capannelle Massa Lubrense\" \/>\n<meta property=\"og:description\" content=\"Informativa sulla privacy Le Capannelle La legge 31 dicembre 1996 n. 675, recante disposizioni per la tutela delle persone e di altri soggetti rispetto al trattamento dei dati personali, \u00e8 stata abrogata dal decreto legislativo 30 giugno 2003 n. 196, che ha introdotto il nuovo Codice in materia di protezione dei dati personali. A tal [&hellip;]\" \/>\n<meta property=\"og:url\" content=\"https:\/\/www.lecapannelle.com\/it\/informativa-privacy\/\" \/>\n<meta property=\"og:site_name\" content=\"Le Capannelle Massa Lubrense\" \/>\n<meta property=\"article:modified_time\" content=\"2020-03-02T08:07:35+00:00\" \/>\n<meta name=\"twitter:card\" content=\"summary_large_image\" \/>\n<meta name=\"twitter:label1\" content=\"Tempo di lettura stimato\" \/>\n\t<meta name=\"twitter:data1\" content=\"5 minuti\" \/>\n<script type=\"application\/ld+json\" class=\"yoast-schema-graph\">{\"@context\":\"https:\/\/schema.org\",\"@graph\":[{\"@type\":\"WebPage\",\"@id\":\"https:\/\/www.lecapannelle.com\/it\/informativa-privacy\/\",\"url\":\"https:\/\/www.lecapannelle.com\/it\/informativa-privacy\/\",\"name\":\"Informativa sulla privacy - Le Capannelle Massa Lubrense\",\"isPartOf\":{\"@id\":\"https:\/\/www.lecapannelle.com\/it\/#website\"},\"datePublished\":\"2020-02-29T15:59:05+00:00\",\"dateModified\":\"2020-03-02T08:07:35+00:00\",\"breadcrumb\":{\"@id\":\"https:\/\/www.lecapannelle.com\/it\/informativa-privacy\/#breadcrumb\"},\"inLanguage\":\"it-IT\",\"potentialAction\":[{\"@type\":\"ReadAction\",\"target\":[\"https:\/\/www.lecapannelle.com\/it\/informativa-privacy\/\"]}]},{\"@type\":\"BreadcrumbList\",\"@id\":\"https:\/\/www.lecapannelle.com\/it\/informativa-privacy\/#breadcrumb\",\"itemListElement\":[{\"@type\":\"ListItem\",\"position\":1,\"name\":\"Home\",\"item\":\"https:\/\/www.lecapannelle.com\/it\/\"},{\"@type\":\"ListItem\",\"position\":2,\"name\":\"Informativa sulla privacy\"}]},{\"@type\":\"WebSite\",\"@id\":\"https:\/\/www.lecapannelle.com\/it\/#website\",\"url\":\"https:\/\/www.lecapannelle.com\/it\/\",\"name\":\"Le Capannelle Massa Lubrense\",\"description\":\"Holiday Apartments with Swimming Pool in Massa Lubrense\",\"publisher\":{\"@id\":\"https:\/\/www.lecapannelle.com\/it\/#organization\"},\"potentialAction\":[{\"@type\":\"SearchAction\",\"target\":{\"@type\":\"EntryPoint\",\"urlTemplate\":\"https:\/\/www.lecapannelle.com\/it\/?s={search_term_string}\"},\"query-input\":{\"@type\":\"PropertyValueSpecification\",\"valueRequired\":true,\"valueName\":\"search_term_string\"}}],\"inLanguage\":\"it-IT\"},{\"@type\":\"Organization\",\"@id\":\"https:\/\/www.lecapannelle.com\/it\/#organization\",\"name\":\"Residence Le Capannelle\",\"url\":\"https:\/\/www.lecapannelle.com\/it\/\",\"logo\":{\"@type\":\"ImageObject\",\"inLanguage\":\"it-IT\",\"@id\":\"https:\/\/www.lecapannelle.com\/it\/#\/schema\/logo\/image\/\",\"url\":\"https:\/\/www.lecapannelle.com\/wp-content\/uploads\/2019\/11\/logo.jpg\",\"contentUrl\":\"https:\/\/www.lecapannelle.com\/wp-content\/uploads\/2019\/11\/logo.jpg\",\"width\":185,\"height\":114,\"caption\":\"Residence Le Capannelle\"},\"image\":{\"@id\":\"https:\/\/www.lecapannelle.com\/it\/#\/schema\/logo\/image\/\"}}]}<\/script>\n<!-- \/ Yoast SEO plugin. -->","yoast_head_json":{"title":"Informativa sulla privacy - Le Capannelle Massa Lubrense","robots":{"index":"index","follow":"follow","max-snippet":"max-snippet:-1","max-image-preview":"max-image-preview:large","max-video-preview":"max-video-preview:-1"},"canonical":"https:\/\/www.lecapannelle.com\/it\/informativa-privacy\/","og_locale":"it_IT","og_type":"article","og_title":"Informativa sulla privacy - Le Capannelle Massa Lubrense","og_description":"Informativa sulla privacy Le Capannelle La legge 31 dicembre 1996 n. 675, recante disposizioni per la tutela delle persone e di altri soggetti rispetto al trattamento dei dati personali, \u00e8 stata abrogata dal decreto legislativo 30 giugno 2003 n. 196, che ha introdotto il nuovo Codice in materia di protezione dei dati personali. A tal [&hellip;]","og_url":"https:\/\/www.lecapannelle.com\/it\/informativa-privacy\/","og_site_name":"Le Capannelle Massa Lubrense","article_modified_time":"2020-03-02T08:07:35+00:00","twitter_card":"summary_large_image","twitter_misc":{"Tempo di lettura stimato":"5 minuti"},"schema":{"@context":"https:\/\/schema.org","@graph":[{"@type":"WebPage","@id":"https:\/\/www.lecapannelle.com\/it\/informativa-privacy\/","url":"https:\/\/www.lecapannelle.com\/it\/informativa-privacy\/","name":"Informativa sulla privacy - Le Capannelle Massa Lubrense","isPartOf":{"@id":"https:\/\/www.lecapannelle.com\/it\/#website"},"datePublished":"2020-02-29T15:59:05+00:00","dateModified":"2020-03-02T08:07:35+00:00","breadcrumb":{"@id":"https:\/\/www.lecapannelle.com\/it\/informativa-privacy\/#breadcrumb"},"inLanguage":"it-IT","potentialAction":[{"@type":"ReadAction","target":["https:\/\/www.lecapannelle.com\/it\/informativa-privacy\/"]}]},{"@type":"BreadcrumbList","@id":"https:\/\/www.lecapannelle.com\/it\/informativa-privacy\/#breadcrumb","itemListElement":[{"@type":"ListItem","position":1,"name":"Home","item":"https:\/\/www.lecapannelle.com\/it\/"},{"@type":"ListItem","position":2,"name":"Informativa sulla privacy"}]},{"@type":"WebSite","@id":"https:\/\/www.lecapannelle.com\/it\/#website","url":"https:\/\/www.lecapannelle.com\/it\/","name":"Le Capannelle Massa Lubrense","description":"Holiday Apartments with Swimming Pool in Massa Lubrense","publisher":{"@id":"https:\/\/www.lecapannelle.com\/it\/#organization"},"potentialAction":[{"@type":"SearchAction","target":{"@type":"EntryPoint","urlTemplate":"https:\/\/www.lecapannelle.com\/it\/?s={search_term_string}"},"query-input":{"@type":"PropertyValueSpecification","valueRequired":true,"valueName":"search_term_string"}}],"inLanguage":"it-IT"},{"@type":"Organization","@id":"https:\/\/www.lecapannelle.com\/it\/#organization","name":"Residence Le Capannelle","url":"https:\/\/www.lecapannelle.com\/it\/","logo":{"@type":"ImageObject","inLanguage":"it-IT","@id":"https:\/\/www.lecapannelle.com\/it\/#\/schema\/logo\/image\/","url":"https:\/\/www.lecapannelle.com\/wp-content\/uploads\/2019\/11\/logo.jpg","contentUrl":"https:\/\/www.lecapannelle.com\/wp-content\/uploads\/2019\/11\/logo.jpg","width":185,"height":114,"caption":"Residence Le Capannelle"},"image":{"@id":"https:\/\/www.lecapannelle.com\/it\/#\/schema\/logo\/image\/"}}]}},"_links":{"self":[{"href":"https:\/\/www.lecapannelle.com\/it\/wp-json\/wp\/v2\/pages\/654","targetHints":{"allow":["GET"]}}],"collection":[{"href":"https:\/\/www.lecapannelle.com\/it\/wp-json\/wp\/v2\/pages"}],"about":[{"href":"https:\/\/www.lecapannelle.com\/it\/wp-json\/wp\/v2\/types\/page"}],"author":[{"embeddable":true,"href":"https:\/\/www.lecapannelle.com\/it\/wp-json\/wp\/v2\/users\/1"}],"replies":[{"embeddable":true,"href":"https:\/\/www.lecapannelle.com\/it\/wp-json\/wp\/v2\/comments?post=654"}],"version-history":[{"count":1,"href":"https:\/\/www.lecapannelle.com\/it\/wp-json\/wp\/v2\/pages\/654\/revisions"}],"predecessor-version":[{"id":655,"href":"https:\/\/www.lecapannelle.com\/it\/wp-json\/wp\/v2\/pages\/654\/revisions\/655"}],"wp:attachment":[{"href":"https:\/\/www.lecapannelle.com\/it\/wp-json\/wp\/v2\/media?parent=654"}],"curies":[{"name":"wp","href":"https:\/\/api.w.org\/{rel}","templated":true}]}}